{"id":259,"date":"2024-11-19T19:14:46","date_gmt":"2024-11-19T19:14:46","guid":{"rendered":"http:\/\/eventos.ucpejv.edu.cu\/tema3\/?page_id=259"},"modified":"2024-11-19T22:17:07","modified_gmt":"2024-11-19T22:17:07","slug":"subir-archivo-simposio-3","status":"publish","type":"page","link":"http:\/\/eventos.ucpejv.edu.cu\/tema3\/subir-archivo-simposio-3\/","title":{"rendered":"Subir archivo simposio 3"},"content":{"rendered":"\t\t<div data-elementor-type=\"wp-page\" data-elementor-id=\"259\" class=\"elementor elementor-259\">\n\t\t\t\t\t\t<section class=\"elementor-section elementor-top-section elementor-element elementor-element-a698650 elementor-section-boxed elementor-section-height-default elementor-section-height-default\" data-id=\"a698650\" data-element_type=\"section\" data-e-type=\"section\">\n\t\t\t\t\t\t<div class=\"elementor-container elementor-column-gap-default\">\n\t\t\t\t\t<div class=\"elementor-column elementor-col-100 elementor-top-column elementor-element elementor-element-aca5870\" data-id=\"aca5870\" data-element_type=\"column\" data-e-type=\"column\">\n\t\t\t<div class=\"elementor-widget-wrap elementor-element-populated\">\n\t\t\t\t\t\t<div class=\"elementor-element elementor-element-ab4b5f9 elementor-widget elementor-widget-shortcode\" data-id=\"ab4b5f9\" data-element_type=\"widget\" data-e-type=\"widget\" data-widget_type=\"shortcode.default\">\n\t\t\t\t<div class=\"elementor-widget-container\">\n\t\t\t\t\t\t\t<div class=\"elementor-shortcode\"><div class=\"forminator-ui forminator-custom-form forminator-custom-form-154 forminator-design--default  forminator_ajax\" data-forminator-render=\"0\" data-form=\"forminator-module-154\" data-uid=\"69f4f92f2da92\"><br\/><\/div><form\n\t\t\t\tid=\"forminator-module-154\"\n\t\t\t\tclass=\"forminator-ui forminator-custom-form forminator-custom-form-154 forminator-design--default  forminator_ajax\"\n\t\t\t\tmethod=\"post\"\n\t\t\t\tdata-forminator-render=\"0\"\n\t\t\t\tdata-form-id=\"154\"\n\t\t\t\tenctype=\"multipart\/form-data\" data-color-option=\"default\" data-design=\"default\" data-grid=\"open\" style=\"display: none;\"\n\t\t\t\tdata-uid=\"69f4f92f2da92\"\n\t\t\t><div role=\"alert\" aria-live=\"polite\" class=\"forminator-response-message forminator-error\" aria-hidden=\"true\"><\/div><div class=\"forminator-row\"><div id=\"name-1\" class=\"forminator-field-name forminator-col forminator-col-12 \"><div class=\"forminator-field\"><label for=\"forminator-field-name-1_69f4f92f2da92\" id=\"forminator-field-name-1_69f4f92f2da92-label\" class=\"forminator-label\">Nombre <span class=\"forminator-required\">*<\/span><\/label><input type=\"text\" name=\"name-1\" value=\"\" placeholder=\"Ejemplo: Juan P\u00e9rez\" id=\"forminator-field-name-1_69f4f92f2da92\" class=\"forminator-input forminator-name--field\" aria-required=\"true\" autocomplete=\"name\" \/><\/div><\/div><\/div><div class=\"forminator-row\"><div id=\"email-1\" class=\"forminator-field-email forminator-col forminator-col-12 \"><div class=\"forminator-field\"><label for=\"forminator-field-email-1_69f4f92f2da92\" id=\"forminator-field-email-1_69f4f92f2da92-label\" class=\"forminator-label\">Correo electr\u00f3nico <span class=\"forminator-required\">*<\/span><\/label><input type=\"email\" name=\"email-1\" value=\"\" placeholder=\"Ej . : john@doe.com\" id=\"forminator-field-email-1_69f4f92f2da92\" class=\"forminator-input forminator-email--field\" data-required=\"1\" aria-required=\"true\" autocomplete=\"email\" \/><\/div><\/div><\/div><div class=\"forminator-row\"><div id=\"radio-1\" class=\"forminator-field-radio forminator-col forminator-col-12 \"><div role=\"radiogroup\" class=\"forminator-field\" aria-labelledby=\"forminator-radiogroup-radio-1-69f4f92f2da92-label\"><span id=\"forminator-radiogroup-radio-1-69f4f92f2da92-label\" class=\"forminator-label\">Lista de opciones<\/span><label id=\"forminator-field-radio-1-label-1\" for=\"forminator-field-radio-1-1-69f4f92f2da92\" class=\"forminator-radio\" title=\"Estudiante\"><input type=\"radio\" name=\"radio-1\" value=\"one\" id=\"forminator-field-radio-1-1-69f4f92f2da92\" aria-labelledby=\"forminator-field-radio-1-label-1\" data-calculation=\"0\"   data-hidden-behavior=\"zero\"\/><span class=\"forminator-radio-bullet\" aria-hidden=\"true\"><\/span><span class=\"forminator-radio-label\">Estudiante<\/span><\/label><label id=\"forminator-field-radio-1-label-2\" for=\"forminator-field-radio-1-2-69f4f92f2da92\" class=\"forminator-radio\" title=\"Profesor\"><input type=\"radio\" name=\"radio-1\" value=\"two\" id=\"forminator-field-radio-1-2-69f4f92f2da92\" aria-labelledby=\"forminator-field-radio-1-label-2\" data-calculation=\"0\"   data-hidden-behavior=\"zero\"\/><span class=\"forminator-radio-bullet\" aria-hidden=\"true\"><\/span><span class=\"forminator-radio-label\">Profesor<\/span><\/label><label id=\"forminator-field-radio-1-label-3\" for=\"forminator-field-radio-1-3-69f4f92f2da92\" class=\"forminator-radio\" title=\"Invitado\"><input type=\"radio\" name=\"radio-1\" value=\"Invitado\" id=\"forminator-field-radio-1-3-69f4f92f2da92\" aria-labelledby=\"forminator-field-radio-1-label-3\" data-calculation=\"0\"   data-hidden-behavior=\"zero\"\/><span class=\"forminator-radio-bullet\" aria-hidden=\"true\"><\/span><span class=\"forminator-radio-label\">Invitado<\/span><\/label><\/div><\/div><\/div><div class=\"forminator-row\"><div id=\"select-1\" class=\"forminator-field-select forminator-col forminator-col-6 \"><div class=\"forminator-field\"><label for=\"forminator-form-154__field--select-1_69f4f92f2da92\" id=\"forminator-form-154__field--select-1_69f4f92f2da92-label\" class=\"forminator-label\">Forma de presentaci\u00f3n <span class=\"forminator-required\">*<\/span><\/label><select  id=\"forminator-form-154__field--select-1_69f4f92f2da92\" class=\"forminator-select--field forminator-select2 forminator-select2-multiple\" data-required=\"1\" name=\"select-1\" data-default-value=\"\" data-hidden-behavior=\"zero\" data-placeholder=\"Seleccionar\" data-search=\"false\" data-search-placeholder=\"Seleccionar\" data-checkbox=\"false\" data-allow-clear=\"false\" aria-labelledby=\"forminator-form-154__field--select-1_69f4f92f2da92-label\"><option value=\"\"  >Seleccionar<\/option><option value=\"one\"  data-calculation=\"0\">Presencial<\/option><option value=\"two\"  data-calculation=\"0\">Virtual<\/option><\/select><\/div><\/div><div id=\"select-2\" class=\"forminator-field-select forminator-col forminator-col-6 \"><div class=\"forminator-field\"><label for=\"forminator-form-154__field--select-2_69f4f92f2da92\" id=\"forminator-form-154__field--select-2_69f4f92f2da92-label\" class=\"forminator-label\">Seleccionar <span class=\"forminator-required\">*<\/span><\/label><select  id=\"forminator-form-154__field--select-2_69f4f92f2da92\" class=\"forminator-select--field forminator-select2 forminator-select2-multiple\" data-required=\"1\" name=\"select-2\" data-default-value=\"\" data-hidden-behavior=\"zero\" data-placeholder=\"Seleccionar pa\u00eds\" data-search=\"false\" data-search-placeholder=\"Seleccionar pa\u00eds\" data-checkbox=\"false\" data-allow-clear=\"false\" aria-labelledby=\"forminator-form-154__field--select-2_69f4f92f2da92-label\"><option value=\"\"  >Seleccionar pa\u00eds<\/option><option value=\"one\"  data-calculation=\"0\">Cuba<\/option><option value=\"two\"  data-calculation=\"0\">Angola<\/option><option value=\"Brasil\"  data-calculation=\"0\">Brasil<\/option><option value=\"Colombia\"  data-calculation=\"0\">Colombia<\/option><option value=\"Chile\"  data-calculation=\"0\">Chile<\/option><option value=\"Ecuador\"  data-calculation=\"0\">Ecuador<\/option><option value=\"Republica-Dominicana\"  data-calculation=\"0\">Republica Dominicana<\/option><option value=\"Otro\"  data-calculation=\"0\">Otro<\/option><\/select><\/div><\/div><\/div><div class=\"forminator-row\"><div id=\"textarea-2\" class=\"forminator-field-textarea forminator-col forminator-col-12 \"><div class=\"forminator-field\"><label for=\"forminator-field-textarea-2_69f4f92f2da92\" id=\"forminator-field-textarea-2_69f4f92f2da92-label\" class=\"forminator-label\">Titulo del trabajo <span class=\"forminator-required\">*<\/span><\/label><textarea name=\"textarea-2\" placeholder=\"Ejemplo: texto de marcador de posici\u00f3n Puedes a\u00f1adir una nueva l\u00ednea\" id=\"forminator-field-textarea-2_69f4f92f2da92\" class=\"forminator-textarea\" rows=\"6\" style=\"--forminator-textarea-min-height:140px;\" ><\/textarea><\/div><\/div><\/div><div class=\"forminator-row\"><div id=\"textarea-3\" class=\"forminator-field-textarea forminator-col forminator-col-12 \"><div class=\"forminator-field\"><label for=\"forminator-field-textarea-3_69f4f92f2da92\" id=\"forminator-field-textarea-3_69f4f92f2da92-label\" class=\"forminator-label\">Resumen del art\u00edculo<\/label><textarea name=\"textarea-3\" placeholder=\"Ejemplo: texto de marcador de posici\u00f3n Puedes a\u00f1adir una nueva l\u00ednea\" id=\"forminator-field-textarea-3_69f4f92f2da92\" class=\"forminator-textarea\" rows=\"6\" style=\"--forminator-textarea-min-height:140px;\" ><\/textarea><\/div><\/div><\/div><div class=\"forminator-row\"><div id=\"upload-1\" class=\"forminator-field-upload forminator-col forminator-col-12 \"><div class=\"forminator-field\"><label for=\"forminator-field-upload-1_69f4f92f2da92\" id=\"forminator-field-upload-1_69f4f92f2da92-label\" class=\"forminator-label\">Elegir archivo <span class=\"forminator-required\">*<\/span><\/label><div class=\"forminator-file-upload \" data-element=\"upload-1_69f4f92f2da92\"><input type=\"file\" name=\"upload-1\" id=\"forminator-field-upload-1_69f4f92f2da92\" class=\"forminator-input-file-required do-validate\" accept=\".jpg,.jpeg,.jpe,.png,.gif,.mov,.qt,.avi,.mpeg,.mpg,.mpe,.3gp,.3gpp,.3g2,.3gp2,.mid,.midi,.pdf,.doc,.docx,.docm,.pot,.pps,.ppt,.pptx,.pptm,.odt,.ppsx,.ppsm,.xla,.xls,.xlt,.xlw,.xlsx,.xlsm,.xlsb,.key,.mp3,.m4a,.m4b,.ogg,.oga,.flac,.wav,.mp4,.m4v,.webm,.ogv,.flv,.pls,.m3u8,.json,.wie,.svgz,.zip,.webp,.woff,.woff2,.ttf,.eot\" tabindex=\"-1\"><button id=\"forminator-field-upload-1_69f4f92f2da92_button\" class=\"forminator-button forminator-button-upload\" data-id=\"forminator-field-upload-1_69f4f92f2da92\">Elegir archivo<\/button><span data-empty-text=\"Ning\u00fan archivo seleccionado\">Ning\u00fan archivo seleccionado<\/span><button class=\"forminator-button-delete\" style=\"display: none;\"><i class=\"forminator-icon-close\" aria-hidden=\"true\"><\/i><span class=\"forminator-screen-reader-only\">Eliminar el archivo subido<\/span><\/button><\/div><\/div><\/div><\/div><div class=\"forminator-row\"><div id=\"upload-2\" class=\"forminator-field-upload forminator-col forminator-col-12 \"><div class=\"forminator-field\"><label for=\"forminator-field-upload-2_69f4f92f2da92\" id=\"forminator-field-upload-2_69f4f92f2da92-label\" class=\"forminator-label\">Elegir presentaci\u00f3n<\/label><div class=\"forminator-file-upload \" data-element=\"upload-2_69f4f92f2da92\"><input type=\"file\" name=\"upload-2\" id=\"forminator-field-upload-2_69f4f92f2da92\" class=\"forminator-input-file\" accept=\".jpg,.jpeg,.jpe,.png,.gif,.mov,.qt,.avi,.mpeg,.mpg,.mpe,.3gp,.3gpp,.3g2,.3gp2,.mid,.midi,.pdf,.doc,.docx,.docm,.pot,.pps,.ppt,.pptx,.pptm,.odt,.ppsx,.ppsm,.xla,.xls,.xlt,.xlw,.xlsx,.xlsm,.xlsb,.key,.mp3,.m4a,.m4b,.ogg,.oga,.flac,.wav,.mp4,.m4v,.webm,.ogv,.flv,.pls,.m3u8,.json,.wie,.svgz,.zip,.webp,.woff,.woff2,.ttf,.eot\" tabindex=\"-1\"><button id=\"forminator-field-upload-2_69f4f92f2da92_button\" class=\"forminator-button forminator-button-upload\" data-id=\"forminator-field-upload-2_69f4f92f2da92\">Elegir archivo<\/button><span data-empty-text=\"Ning\u00fan archivo seleccionado\">Ning\u00fan archivo seleccionado<\/span><button class=\"forminator-button-delete\" style=\"display: none;\"><i class=\"forminator-icon-close\" aria-hidden=\"true\"><\/i><span class=\"forminator-screen-reader-only\">Eliminar el archivo subido<\/span><\/button><\/div><\/div><\/div><\/div><input type=\"hidden\" name=\"referer_url\" value=\"\" \/><div class=\"forminator-row forminator-row-last\"><div class=\"forminator-col\"><div class=\"forminator-field\"><button class=\"forminator-button forminator-button-submit\">Enviar mensaje<\/button><\/div><\/div><\/div><input type=\"hidden\" id=\"forminator_nonce\" name=\"forminator_nonce\" value=\"dec3f0aab5\" \/><input type=\"hidden\" name=\"_wp_http_referer\" value=\"\/tema3\/wp-json\/wp\/v2\/pages\/259\" \/><input type=\"hidden\" name=\"form_id\" value=\"154\"><input type=\"hidden\" name=\"page_id\" value=\"259\"><input type=\"hidden\" name=\"form_type\" value=\"default\"><input type=\"hidden\" name=\"current_url\" value=\"http:\/\/eventos.ucpejv.edu.cu\/tema3\/subir-archivo-simposio-3\/\"><input type=\"hidden\" name=\"render_id\" value=\"0\"><input type=\"hidden\" name=\"action\" value=\"forminator_submit_form_custom-forms\"><\/form><\/div>\n\t\t\t\t\t\t<\/div>\n\t\t\t\t<\/div>\n\t\t\t\t\t<\/div>\n\t\t<\/div>\n\t\t\t\t\t<\/div>\n\t\t<\/section>\n\t\t\t\t<\/div>\n\t\t","protected":false},"excerpt":{"rendered":"","protected":false},"author":1363,"featured_media":0,"parent":0,"menu_order":0,"comment_status":"closed","ping_status":"closed","template":"","meta":{"_bbp_topic_count":0,"_bbp_reply_count":0,"_bbp_total_topic_count":0,"_bbp_total_reply_count":0,"_bbp_voice_count":0,"_bbp_anonymous_reply_count":0,"_bbp_topic_count_hidden":0,"_bbp_reply_count_hidden":0,"_bbp_forum_subforum_count":0,"_crdt_document":"","_uag_custom_page_level_css":"","footnotes":""},"class_list":["post-259","page","type-page","status-publish","hentry","has-post-title","has-post-date","has-post-category","has-post-tag","has-post-comment","has-post-author",""],"uagb_featured_image_src":{"full":false,"thumbnail":false,"medium":false,"medium_large":false,"large":false,"1536x1536":false,"2048x2048":false},"uagb_author_info":{"display_name":"","author_link":"http:\/\/eventos.ucpejv.edu.cu\/tema3\/author\/"},"uagb_comment_info":0,"uagb_excerpt":null,"_links":{"self":[{"href":"http:\/\/eventos.ucpejv.edu.cu\/tema3\/wp-json\/wp\/v2\/pages\/259","targetHints":{"allow":["GET"]}}],"collection":[{"href":"http:\/\/eventos.ucpejv.edu.cu\/tema3\/wp-json\/wp\/v2\/pages"}],"about":[{"href":"http:\/\/eventos.ucpejv.edu.cu\/tema3\/wp-json\/wp\/v2\/types\/page"}],"author":[{"embeddable":true,"href":"http:\/\/eventos.ucpejv.edu.cu\/tema3\/wp-json\/wp\/v2\/users\/1363"}],"replies":[{"embeddable":true,"href":"http:\/\/eventos.ucpejv.edu.cu\/tema3\/wp-json\/wp\/v2\/comments?post=259"}],"version-history":[{"count":7,"href":"http:\/\/eventos.ucpejv.edu.cu\/tema3\/wp-json\/wp\/v2\/pages\/259\/revisions"}],"predecessor-version":[{"id":283,"href":"http:\/\/eventos.ucpejv.edu.cu\/tema3\/wp-json\/wp\/v2\/pages\/259\/revisions\/283"}],"wp:attachment":[{"href":"http:\/\/eventos.ucpejv.edu.cu\/tema3\/wp-json\/wp\/v2\/media?parent=259"}],"curies":[{"name":"wp","href":"https:\/\/api.w.org\/{rel}","templated":true}]}}